{"id":3147,"date":"2018-06-26T05:53:11","date_gmt":"2018-06-26T05:53:11","guid":{"rendered":"https:\/\/berghausseeblick.com\/bedingungen-und-konditionen\/"},"modified":"2025-08-13T12:28:06","modified_gmt":"2025-08-13T12:28:06","slug":"bedingungen-und-konditionen","status":"publish","type":"page","link":"https:\/\/berghausseeblick.com\/de\/bedingungen-und-konditionen\/","title":{"rendered":"Bedingungen und Konditionen"},"content":{"rendered":"\t\t<div data-elementor-type=\"wp-post\" data-elementor-id=\"3147\" class=\"elementor elementor-3147 elementor-770\" data-elementor-post-type=\"page\">\n\t\t\t\t\t\t<section class=\"elementor-section elementor-top-section elementor-element elementor-element-03b29db elementor-section-boxed elementor-section-height-default elementor-section-height-default\" data-id=\"03b29db\" data-element_type=\"section\" data-e-type=\"section\" data-settings=\"{&quot;hoteller_ext_is_background_parallax&quot;:&quot;false&quot;,&quot;hoteller_ext_is_background_on_scroll&quot;:&quot;false&quot;}\">\n\t\t\t\t\t\t<div class=\"elementor-container elementor-column-gap-default\">\n\t\t\t\t\t<div class=\"elementor-column elementor-col-100 elementor-top-column elementor-element elementor-element-668aa29\" data-id=\"668aa29\" data-element_type=\"column\" data-e-type=\"column\" data-settings=\"{&quot;hoteller_ext_link_sidemenu&quot;:&quot;false&quot;,&quot;hoteller_ext_link_fullmenu&quot;:&quot;false&quot;,&quot;hoteller_ext_link_closed_fullmenu&quot;:&quot;false&quot;,&quot;hoteller_ext_is_scrollme&quot;:&quot;false&quot;,&quot;hoteller_ext_is_smoove&quot;:&quot;false&quot;,&quot;hoteller_ext_is_parallax_mouse&quot;:&quot;false&quot;,&quot;hoteller_ext_is_infinite&quot;:&quot;false&quot;,&quot;hoteller_ext_is_fadeout_animation&quot;:&quot;false&quot;,&quot;hoteller_ext_mobile_static&quot;:&quot;false&quot;}\">\n\t\t\t<div class=\"elementor-widget-wrap elementor-element-populated\">\n\t\t\t\t\t\t<div class=\"elementor-element elementor-element-14b899f elementor-widget elementor-widget-text-editor\" data-id=\"14b899f\" data-element_type=\"widget\" data-e-type=\"widget\" data-settings=\"{&quot;hoteller_ext_link_sidemenu&quot;:&quot;false&quot;,&quot;hoteller_ext_link_fullmenu&quot;:&quot;false&quot;,&quot;hoteller_ext_link_closed_fullmenu&quot;:&quot;false&quot;,&quot;hoteller_ext_is_scrollme&quot;:&quot;false&quot;,&quot;hoteller_ext_is_smoove&quot;:&quot;false&quot;,&quot;hoteller_ext_is_parallax_mouse&quot;:&quot;false&quot;,&quot;hoteller_ext_is_infinite&quot;:&quot;false&quot;,&quot;hoteller_ext_is_fadeout_animation&quot;:&quot;false&quot;,&quot;hoteller_ext_mobile_static&quot;:&quot;false&quot;}\" data-widget_type=\"text-editor.default\">\n\t\t\t\t<div class=\"elementor-widget-container\">\n\t\t\t\t\t\t\t\t\t<p><strong>Allgemeine Gesch\u00e4ftsbedingungen Berghaus Seeblick<\/strong><\/p><p>Es ist ratsam, diese Bedingungen vor der Buchung sorgf\u00e4ltig zu lesen.<\/p><ol><li><p><strong>Reservierung<\/strong> a) Diese Allgemeinen Gesch\u00e4ftsbedingungen gelten f\u00fcr alle unsere Reservierungen. Abweichungen sind nur in Einzelf\u00e4llen und nach schriftlicher Best\u00e4tigung durch das Berghaus Seeblick m\u00f6glich. b) Der Buchende haftet gesamtschuldnerisch f\u00fcr die Erf\u00fcllung aller Verpflichtungen aus der Buchungsbest\u00e4tigung, sowohl f\u00fcr sich als auch f\u00fcr alle Mitreisenden. c) Wir akzeptieren Reservierungsauftr\u00e4ge nur von Personen, die achtzehn Jahre oder \u00e4lter sind. Reservierungen von Personen, die j\u00fcnger als dieses Alter sind, sind ung\u00fcltig.<\/p><\/li><li><p><strong>Reservierungsauftrag und Bezahlung<\/strong> a) Berghaus Seeblick best\u00e4tigt jeden Reservierungsauftrag per E-Mail. b) Eine Anzahlung von 25 % des Gesamtmietpreises ist innerhalb von zwei Wochen nach Erhalt der Reservierungsbest\u00e4tigung zu leisten. Der Restbetrag des Mietpreises muss sp\u00e4testens 6 Wochen vor dem Anreisedatum bezahlt werden. Bei Buchungen, die weniger als 6 Wochen vor dem Anreisedatum erfolgen, muss der gesamte Mietpreis sofort bezahlt werden. c) Wird die Anzahlung oder der Restbetrag des Gesamtmietpreises nicht fristgerecht bezahlt, beh\u00e4lt sich das Berghaus Seeblick das Recht vor, die reservierte Unterkunft zu stornieren. Die Stornobedingungen bleiben davon unber\u00fchrt (siehe Abschnitt<\/p><\/li><li><p><strong>Stornierung durch den Mieter<\/strong> a) Stornierungen m\u00fcssen dem Berghaus Seeblick per E-Mail oder telefonisch mitgeteilt werden. Nach Erhalt der Stornierung schickt Berghaus Seeblick innerhalb von 7 Tagen eine Stornierungsbest\u00e4tigung per E-Mail und ggf. eine Stornierungsrechnung. b) F\u00fcr Stornierungen gelten folgende Prozents\u00e4tze. Berghaus Seeblick empfiehlt den Abschluss einer Reiser\u00fccktrittsversicherung. i. Bis zu 10 Wochen vor dem Anreisetag fallen keine Stornierungsgeb\u00fchren an. ii. Zwischen 10 und 6 Wochen vor dem Anreisetag werden 50% des Gesamtmietpreises als Stornogeb\u00fchren f\u00e4llig. iii. Von 6 bis 2 Wochen vor dem Anreisetag werden 75% des Gesamtmietpreises als Stornogeb\u00fchren f\u00e4llig. iv. Ab 2 Wochen vor dem Anreisetag bis zum Anreisetag ist der volle Mietpreis zu zahlen.<\/p><\/li><li><p><strong>Stornierung durch das Berghaus Seeblick<\/strong> a) Das Berghaus Seeblick beh\u00e4lt sich das Recht vor, die Reservierung aus gesch\u00e4ftlichen Gr\u00fcnden bis zu 3 Monate vor dem Anreisetag zu stornieren. b) Sollte das Berghaus Seeblick die reservierte Unterkunft aus irgendeinem Grund stornieren, wird der betreffende Mieter unverz\u00fcglich benachrichtigt und ihm, wenn m\u00f6glich, ein Alternativangebot unterbreitet. Nimmt der Mieter dieses Alternativangebot nicht an oder kann Berghaus Seeblick kein Alternativangebot unterbreiten, erstattet Berghaus Seeblick den bereits gezahlten Betrag unverz\u00fcglich zur\u00fcck. Der Mieter hat keinen anderen Anspruch als den auf R\u00fcckerstattung dieses Betrags.<\/p><\/li><li><p><strong>\u00c4nderungen durch den Mieter<\/strong> M\u00f6chte der Mieter auf eine andere Wohnung umbuchen oder den Mietzeitraum \u00e4ndern, so ist dies bis 6 Wochen vor Mietbeginn der reservierten Unterkunft m\u00f6glich, sofern eine andere Wohnung verf\u00fcgbar ist. Wenn im gew\u00fcnschten Zeitraum keine Wohnung verf\u00fcgbar ist, gelten die in Abschnitt 3 aufgef\u00fchrten Bedingungen f\u00fcr die Stornierung durch den Mieter. Ist der gew\u00fcnschte Mietzeitraum k\u00fcrzer als der bereits reservierte Zeitraum, bleiben die Stornobedingungen aus Abschnitt 3 f\u00fcr Stornierungen durch den Mieter unver\u00e4ndert.<\/p><\/li><li><p><strong>Beginn und Ende des Aufenthalts <\/strong>a) Die gemietete Wohnung und die dazugeh\u00f6rigen Zimmer stehen am Anreisetag ab 15:00 Uhr zur Verf\u00fcgung. b) Die gemietete Wohnung und die dazugeh\u00f6rigen Zimmer m\u00fcssen am Abreisetag bis 10:00 Uhr ger\u00e4umt sein. <\/p><\/li><li><p><strong>Haustiere (insbesondere Hunde)<\/strong> a) Haustiere sind nur nach vorheriger Genehmigung durch das Berghaus Seeblick und gegen Entrichtung einer Geb\u00fchr erlaubt. b) Der Mieter ist verpflichtet, das Haustier w\u00e4hrend seines Aufenthaltes gem\u00e4\u00df den Bestimmungen des Berghauses Seeblick zu halten und zu beaufsichtigen. c) Der Mieter haftet gegen\u00fcber dem Berghaus Seeblick f\u00fcr alle Sch\u00e4den, die durch das mitgebrachte Haustier verursacht werden. d) Weitere Regeln f\u00fcr Haustiere finden Sie auf der Berghaus Seeblick Website (LINK).<\/p><\/li><li><p><strong>Haftung des Mieters<\/strong> a) W\u00e4hrend des Aufenthalts in der Unterkunft haftet der Mieter in vollem Umfang f\u00fcr die gemietete Unterkunft, das Mobiliar und alle zum Mietobjekt geh\u00f6renden Gegenst\u00e4nde. Sch\u00e4den, die durch die Benutzer oder ein Haustier an der Unterkunft oder an anderen Orten im Berghaus Seeblick verursacht werden, m\u00fcssen dem Vermieter unverz\u00fcglich in vollem Umfang erstattet werden. Das Berghaus Seeblick ist berechtigt, den Mieter r\u00fcckwirkend in die Pflicht zu nehmen, wenn der verursachte Schaden nicht oder nicht ordnungsgem\u00e4\u00df ersetzt wurde oder die zu zahlenden Kosten vom Mieter nicht (vollst\u00e4ndig) beglichen wurden. Alle damit verbundenen (Abhol-)Kosten gehen vollst\u00e4ndig zu Lasten des im Reservierungsschreiben genannten Mieters. F\u00fcr Sch\u00e4den und\/oder M\u00e4ngel, die dem Berghaus Seeblick nicht sp\u00e4testens am Anreisetag gemeldet wurden, gilt die oben genannte Haftung des Mieters. b) Die in der Reservierungsbest\u00e4tigung angegebene Anzahl von Personen oder Haustieren ist die maximal zul\u00e4ssige Anzahl. Eine Belegung mit mehr Personen oder Haustieren ist nicht gestattet, und das Berghaus Seeblick ist berechtigt, den Zugang zur Unterkunft zu verweigern, wenn eine Belegung mit mehr als der zul\u00e4ssigen Anzahl von Personen oder Haustieren erfolgt.<\/p><\/li><li><p><strong>Haftung des Berghaus Seeblick<\/strong> a) Das Berghaus Seeblick \u00fcbernimmt keine Haftung f\u00fcr Verlust, Diebstahl, Besch\u00e4digung oder Verletzungen jeglicher Art. b) Offensichtliche Irrt\u00fcmer oder Fehler in der Beschreibung oder den Preisen der vom Berghaus Seeblick angebotenen Unterk\u00fcnfte sind f\u00fcr das Berghaus Seeblick nicht verbindlich. F\u00fcr zwischenzeitliche \u00c4nderungen von Daten, Preisen oder Druckfehlern kann das Berghaus Seeblick keine Haftung \u00fcbernehmen. c) Ma\u00dfgeblich sind die (Preis-)Angaben in der zuletzt ver\u00f6ffentlichten Preisliste und auf der Website. Daher sind (Preis-)Informationen aus fr\u00fcheren Ausgaben ung\u00fcltig. d) Berghaus Seeblick haftet nicht f\u00fcr Sch\u00e4den, die durch Naturgewalten, Naturkatastrophen, Nuklearkatastrophen, Anschl\u00e4ge, Streiks, Gewaltakte und Ber\u00fchrung mit einem Luftfahrzeug oder Teilen davon entstehen. e) Nicht alle in der Beschreibung aufgef\u00fchrten Einrichtungen sind das ganze Jahr \u00fcber und 24 Stunden am Tag verf\u00fcgbar. Das Berghaus Seeblick \u00fcbernimmt keine Verantwortung f\u00fcr Einrichtungen, die, aus welchen Gr\u00fcnden auch immer, w\u00e4hrend Ihres Urlaubs nicht verf\u00fcgbar waren. Die Nutzung aller Einrichtungen erfolgt auf eigene Gefahr. Aufgrund von Umst\u00e4nden k\u00f6nnen Einrichtungen ausfallen oder vor\u00fcbergehend nicht verf\u00fcgbar sein. Eine R\u00fcckerstattung kann von Berghaus Seeblick nicht gefordert werden. f) Es kann vorkommen, dass in der N\u00e4he der gemieteten Wohnung Bauarbeiten stattfinden. Das Berghaus Seeblick \u00fcbernimmt keine Verantwortung f\u00fcr eventuelle L\u00e4rmbel\u00e4stigungen oder andere Unannehmlichkeiten. g) F\u00fcr alle unsere Reservierungsvereinbarungen und nachtr\u00e4glich getroffenen Vereinbarungen gilt \u00f6sterreichisches Recht. Alle Streitigkeiten, die sich aus einem Vertrag ergeben, k\u00f6nnen vor dem zust\u00e4ndigen Gericht entschieden werden.<\/p><\/li><li><p><strong>WiFi<\/strong> Die Geschwindigkeit, St\u00e4rke und Reichweite des WiFi kann aufgrund der Lage des Berghaus Seeblick in den Bergen eingeschr\u00e4nkt sein und wird daher nicht garantiert. Das Berghaus Seeblick hat jedoch das bestm\u00f6gliche System erworben.<\/p><p><strong>Zugang und Verf\u00fcgbarkeit:<\/strong> Als Service f\u00fcr unsere G\u00e4ste bietet das Berghaus Seeblick einen kostenlosen WiFi-Zugang in allen Wohnungen und bestimmten Gemeinschaftsbereichen. Wir bem\u00fchen uns um einen zuverl\u00e4ssigen und ununterbrochenen Service, k\u00f6nnen aber keine Garantie f\u00fcr die Kontinuit\u00e4t und Qualit\u00e4t der Internetverbindung \u00fcbernehmen. Der Zugang zum WiFi-Netzwerk h\u00e4ngt vom Standort, der Kompatibilit\u00e4t der Ger\u00e4te und m\u00f6glicherweise anderen Faktoren ab.<\/p><p><strong>Nutzungsrichtlinien:<\/strong> Das WiFi-Netzwerk ist f\u00fcr die normale Internetnutzung wie Surfen, E-Mail und soziale Medien vorgesehen. Das Herunterladen illegaler Inhalte, das Streaming gro\u00dfer Datenmengen (z. B. kontinuierliches Streaming von Filmen oder Musik) oder die Nutzung des Netzes f\u00fcr illegale Aktivit\u00e4ten ist streng verboten. Die G\u00e4ste sind f\u00fcr alle Aktivit\u00e4ten verantwortlich, die \u00fcber ihren Zugang zum Netz durchgef\u00fchrt werden.<\/p><p><strong>Sicherheit:<\/strong> Obwohl wir uns bem\u00fchen, ein sicheres Netzwerk aufrechtzuerhalten, erfolgt die Nutzung des WiFi-Netzwerks auf Ihr eigenes Risiko. Das <span style=\"font-family: Merriweather; font-size: 15px; font-style: normal;\">Berghaus Seeblick <\/span> ist nicht verantwortlich f\u00fcr die Sicherheit, Integrit\u00e4t, Genauigkeit oder Vertraulichkeit von Informationen, die \u00fcber das Netzwerk \u00fcbertragen oder empfangen werden. Die G\u00e4ste sind angehalten, pers\u00f6nliche Antiviren-Software und Firewalls zu verwenden und keine sensiblen oder pers\u00f6nlichen Informationen \u00fcber das Netzwerk zu \u00fcbertragen.<\/p><p><strong>Beschr\u00e4nkungen:<\/strong> Das <span style=\"font-family: Merriweather; font-size: 15px; font-style: normal;\">Berghaus Seeblick <\/span>beh\u00e4lt sich das Recht vor, den Zugang zum WiFi-Netzwerk f\u00fcr Ger\u00e4te einzuschr\u00e4nken oder zu sperren, die eine \u00fcberm\u00e4\u00dfige Bandbreitennutzung verursachen, unser Netzwerk st\u00f6ren oder f\u00fcr nicht autorisierte Aktivit\u00e4ten verwendet werden.<\/p><p><strong>Unterst\u00fctzung:<\/strong> Bei technischen Problemen mit der WiFi-Verbindung k\u00f6nnen sich die G\u00e4ste an die Rezeption oder an den zust\u00e4ndigen technischen Kundendienst wenden. <span style=\"font-family: Merriweather; font-size: 15px; font-style: normal;\">Berghaus Seeblick <\/span>\u00fcbernimmt jedoch keine Garantie f\u00fcr die L\u00f6sung spezifischer Probleme mit einzelnen Ger\u00e4ten oder Konfigurationen.<\/p><p>Durch die Nutzung des WiFi-Netzes erkl\u00e4ren sich die G\u00e4ste mit dieser Richtlinie einverstanden und verpflichten sich, das Netz auf verantwortungsvolle, ethische und legale Weise zu nutzen.<\/p><p><strong> <\/strong><\/p><hr><p>Empfehlung:<\/p><p><strong>Reiser\u00fccktrittsversicherung Empfehlung f\u00fcr G\u00e4ste des Berghaus Seeblick<\/strong><\/p><p>W\u00e4hrend Sie sich auf einen herrlichen Aufenthalt im Berghaus Seeblick vorbereiten, m\u00f6chten wir sicherstellen, dass Ihr Urlaubserlebnis so sorgenfrei wie m\u00f6glich ist. Wir verstehen, dass unvorhergesehene Umst\u00e4nde manchmal zu \u00c4nderungen der Reisepl\u00e4ne f\u00fchren k\u00f6nnen. Um Ihre Buchung abzusichern, empfehlen wir Ihnen dringend eine Reiser\u00fccktrittsversicherung.<\/p><p><strong>Warum eine Reiser\u00fccktrittsversicherung?<\/strong><\/p><ul><li><strong>Schutz vor unvorhergesehenen Ereignissen:<\/strong> Ob eine pl\u00f6tzliche Krankheit, ein famili\u00e4rer Notfall oder andere unerwartete Ereignisse &#8211; eine Reiser\u00fccktrittsversicherung kann Ihnen Sicherheit geben.<\/li><li><strong>Versicherungsschutz vor und w\u00e4hrend Ihres Urlaubs:<\/strong> Diese Versicherung bietet nicht nur Sicherheit vor Ihrer Abreise, sondern deckt auch unvorhergesehene Ereignisse ab, die w\u00e4hrend Ihres Aufenthalts eintreten k\u00f6nnen.<\/li><li><strong>Einfach und sicher:<\/strong> Der Abschluss einer Reiser\u00fccktrittsversicherung ist ein unkomplizierter Prozess, der Sie vor m\u00f6glichen finanziellen Verlusten bewahren kann.<\/li><\/ul><p>Das Berghaus Seeblick bem\u00fcht sich zwar, seinen G\u00e4sten in allen Situationen entgegenzukommen, aber es k\u00f6nnen bestimmte Bedingungen gelten, die in unseren Stornierungsrichtlinien aufgef\u00fchrt sind. Um sicherzustellen, dass Ihre Investition in den Urlaub gesch\u00fctzt ist, empfehlen wir Ihnen, sich an einen zuverl\u00e4ssigen Versicherungsanbieter zu wenden.<\/p><p>Wir m\u00f6chten, dass Ihr Aufenthalt im Berghaus Seeblick nicht nur unvergesslich, sondern auch sicher und stressfrei ist.<\/p><\/li><\/ol>\t\t\t\t\t\t\t\t<\/div>\n\t\t\t\t<\/div>\n\t\t\t\t\t<\/div>\n\t\t<\/div>\n\t\t\t\t\t<\/div>\n\t\t<\/section>\n\t\t\t\t<\/div>\n\t\t","protected":false},"excerpt":{"rendered":"<p>Allgemeine Gesch\u00e4ftsbedingungen Berghaus Seeblick Es ist ratsam, diese Bedingungen vor der Buchung sorgf\u00e4ltig zu lesen. Reservierung a) Diese Allgemeinen Gesch\u00e4ftsbedingungen gelten f\u00fcr alle unsere Reservierungen. Abweichungen sind nur in Einzelf\u00e4llen und nach schriftlicher Best\u00e4tigung durch das Berghaus Seeblick m\u00f6glich. b) [&hellip;]<\/p>\n","protected":false},"author":1,"featured_media":0,"parent":0,"menu_order":0,"comment_status":"closed","ping_status":"closed","template":"page-r.php","meta":{"footnotes":""},"class_list":["post-3147","page","type-page","status-publish","hentry"],"yoast_head":"<!-- This site is optimized with the Yoast SEO plugin v27.0 - https:\/\/yoast.com\/product\/yoast-seo-wordpress\/ -->\n<title>Bedingungen und Konditionen - Berghaus Seeblick | Feld am See Apartments<\/title>\n<meta name=\"robots\" content=\"index, follow, max-snippet:-1, max-image-preview:large, max-video-preview:-1\" \/>\n<link rel=\"canonical\" href=\"https:\/\/berghausseeblick.com\/de\/bedingungen-und-konditionen\/\" \/>\n<meta property=\"og:locale\" content=\"de_DE\" \/>\n<meta property=\"og:type\" content=\"article\" \/>\n<meta property=\"og:title\" content=\"Bedingungen und Konditionen - Berghaus Seeblick | Feld am See Apartments\" \/>\n<meta property=\"og:description\" content=\"Allgemeine Gesch\u00e4ftsbedingungen Berghaus Seeblick Es ist ratsam, diese Bedingungen vor der Buchung sorgf\u00e4ltig zu lesen. Reservierung a) Diese Allgemeinen Gesch\u00e4ftsbedingungen gelten f\u00fcr alle unsere Reservierungen. Abweichungen sind nur in Einzelf\u00e4llen und nach schriftlicher Best\u00e4tigung durch das Berghaus Seeblick m\u00f6glich. b) [&hellip;]\" \/>\n<meta property=\"og:url\" content=\"https:\/\/berghausseeblick.com\/de\/bedingungen-und-konditionen\/\" \/>\n<meta property=\"og:site_name\" content=\"Berghaus Seeblick | Feld am See Apartments\" \/>\n<meta property=\"article:modified_time\" content=\"2025-08-13T12:28:06+00:00\" \/>\n<meta name=\"twitter:card\" content=\"summary_large_image\" \/>\n<meta name=\"twitter:label1\" content=\"Gesch\u00e4tzte Lesezeit\" \/>\n\t<meta name=\"twitter:data1\" content=\"8\u00a0Minuten\" \/>\n<script type=\"application\/ld+json\" class=\"yoast-schema-graph\">{\"@context\":\"https:\/\/schema.org\",\"@graph\":[{\"@type\":\"WebPage\",\"@id\":\"https:\/\/berghausseeblick.com\/de\/bedingungen-und-konditionen\/\",\"url\":\"https:\/\/berghausseeblick.com\/de\/bedingungen-und-konditionen\/\",\"name\":\"Bedingungen und Konditionen - Berghaus Seeblick | Feld am See Apartments\",\"isPartOf\":{\"@id\":\"https:\/\/berghausseeblick.com\/de\/#website\"},\"datePublished\":\"2018-06-26T05:53:11+00:00\",\"dateModified\":\"2025-08-13T12:28:06+00:00\",\"breadcrumb\":{\"@id\":\"https:\/\/berghausseeblick.com\/de\/bedingungen-und-konditionen\/#breadcrumb\"},\"inLanguage\":\"de\",\"potentialAction\":[{\"@type\":\"ReadAction\",\"target\":[\"https:\/\/berghausseeblick.com\/de\/bedingungen-und-konditionen\/\"]}]},{\"@type\":\"BreadcrumbList\",\"@id\":\"https:\/\/berghausseeblick.com\/de\/bedingungen-und-konditionen\/#breadcrumb\",\"itemListElement\":[{\"@type\":\"ListItem\",\"position\":1,\"name\":\"Home\",\"item\":\"https:\/\/berghausseeblick.com\/de\/\"},{\"@type\":\"ListItem\",\"position\":2,\"name\":\"Bedingungen und Konditionen\"}]},{\"@type\":\"WebSite\",\"@id\":\"https:\/\/berghausseeblick.com\/de\/#website\",\"url\":\"https:\/\/berghausseeblick.com\/de\/\",\"name\":\"Berghaus Seeblick | Feld am See Apartments\",\"description\":\"\",\"potentialAction\":[{\"@type\":\"SearchAction\",\"target\":{\"@type\":\"EntryPoint\",\"urlTemplate\":\"https:\/\/berghausseeblick.com\/de\/?s={search_term_string}\"},\"query-input\":{\"@type\":\"PropertyValueSpecification\",\"valueRequired\":true,\"valueName\":\"search_term_string\"}}],\"inLanguage\":\"de\"}]}<\/script>\n<!-- \/ Yoast SEO plugin. -->","yoast_head_json":{"title":"Bedingungen und Konditionen - Berghaus Seeblick | Feld am See Apartments","robots":{"index":"index","follow":"follow","max-snippet":"max-snippet:-1","max-image-preview":"max-image-preview:large","max-video-preview":"max-video-preview:-1"},"canonical":"https:\/\/berghausseeblick.com\/de\/bedingungen-und-konditionen\/","og_locale":"de_DE","og_type":"article","og_title":"Bedingungen und Konditionen - Berghaus Seeblick | Feld am See Apartments","og_description":"Allgemeine Gesch\u00e4ftsbedingungen Berghaus Seeblick Es ist ratsam, diese Bedingungen vor der Buchung sorgf\u00e4ltig zu lesen. Reservierung a) Diese Allgemeinen Gesch\u00e4ftsbedingungen gelten f\u00fcr alle unsere Reservierungen. Abweichungen sind nur in Einzelf\u00e4llen und nach schriftlicher Best\u00e4tigung durch das Berghaus Seeblick m\u00f6glich. b) [&hellip;]","og_url":"https:\/\/berghausseeblick.com\/de\/bedingungen-und-konditionen\/","og_site_name":"Berghaus Seeblick | Feld am See Apartments","article_modified_time":"2025-08-13T12:28:06+00:00","twitter_card":"summary_large_image","twitter_misc":{"Gesch\u00e4tzte Lesezeit":"8\u00a0Minuten"},"schema":{"@context":"https:\/\/schema.org","@graph":[{"@type":"WebPage","@id":"https:\/\/berghausseeblick.com\/de\/bedingungen-und-konditionen\/","url":"https:\/\/berghausseeblick.com\/de\/bedingungen-und-konditionen\/","name":"Bedingungen und Konditionen - Berghaus Seeblick | Feld am See Apartments","isPartOf":{"@id":"https:\/\/berghausseeblick.com\/de\/#website"},"datePublished":"2018-06-26T05:53:11+00:00","dateModified":"2025-08-13T12:28:06+00:00","breadcrumb":{"@id":"https:\/\/berghausseeblick.com\/de\/bedingungen-und-konditionen\/#breadcrumb"},"inLanguage":"de","potentialAction":[{"@type":"ReadAction","target":["https:\/\/berghausseeblick.com\/de\/bedingungen-und-konditionen\/"]}]},{"@type":"BreadcrumbList","@id":"https:\/\/berghausseeblick.com\/de\/bedingungen-und-konditionen\/#breadcrumb","itemListElement":[{"@type":"ListItem","position":1,"name":"Home","item":"https:\/\/berghausseeblick.com\/de\/"},{"@type":"ListItem","position":2,"name":"Bedingungen und Konditionen"}]},{"@type":"WebSite","@id":"https:\/\/berghausseeblick.com\/de\/#website","url":"https:\/\/berghausseeblick.com\/de\/","name":"Berghaus Seeblick | Feld am See Apartments","description":"","potentialAction":[{"@type":"SearchAction","target":{"@type":"EntryPoint","urlTemplate":"https:\/\/berghausseeblick.com\/de\/?s={search_term_string}"},"query-input":{"@type":"PropertyValueSpecification","valueRequired":true,"valueName":"search_term_string"}}],"inLanguage":"de"}]}},"_links":{"self":[{"href":"https:\/\/berghausseeblick.com\/de\/wp-json\/wp\/v2\/pages\/3147","targetHints":{"allow":["GET"]}}],"collection":[{"href":"https:\/\/berghausseeblick.com\/de\/wp-json\/wp\/v2\/pages"}],"about":[{"href":"https:\/\/berghausseeblick.com\/de\/wp-json\/wp\/v2\/types\/page"}],"author":[{"embeddable":true,"href":"https:\/\/berghausseeblick.com\/de\/wp-json\/wp\/v2\/users\/1"}],"replies":[{"embeddable":true,"href":"https:\/\/berghausseeblick.com\/de\/wp-json\/wp\/v2\/comments?post=3147"}],"version-history":[{"count":2,"href":"https:\/\/berghausseeblick.com\/de\/wp-json\/wp\/v2\/pages\/3147\/revisions"}],"predecessor-version":[{"id":3537,"href":"https:\/\/berghausseeblick.com\/de\/wp-json\/wp\/v2\/pages\/3147\/revisions\/3537"}],"wp:attachment":[{"href":"https:\/\/berghausseeblick.com\/de\/wp-json\/wp\/v2\/media?parent=3147"}],"curies":[{"name":"wp","href":"https:\/\/api.w.org\/{rel}","templated":true}]}}