{"id":3109,"date":"2022-11-18T13:57:13","date_gmt":"2022-11-18T13:57:13","guid":{"rendered":"https:\/\/berghausseeblick.com\/datenschutzbestimmungen\/"},"modified":"2023-12-11T20:53:26","modified_gmt":"2023-12-11T20:53:26","slug":"datenschutzbestimmungen","status":"publish","type":"page","link":"https:\/\/berghausseeblick.com\/de\/datenschutzbestimmungen\/","title":{"rendered":"Datenschutzbestimmungen"},"content":{"rendered":"\t\t<div data-elementor-type=\"wp-page\" data-elementor-id=\"3109\" class=\"elementor elementor-3109 elementor-3\" data-elementor-post-type=\"page\">\n\t\t\t\t\t\t<section class=\"elementor-section elementor-top-section elementor-element elementor-element-3432e6e0 elementor-section-boxed elementor-section-height-default elementor-section-height-default\" data-id=\"3432e6e0\" data-element_type=\"section\" data-e-type=\"section\" data-settings=\"{&quot;hoteller_ext_is_background_parallax&quot;:&quot;false&quot;,&quot;hoteller_ext_is_background_on_scroll&quot;:&quot;false&quot;}\">\n\t\t\t\t\t\t<div class=\"elementor-container elementor-column-gap-default\">\n\t\t\t\t\t<div class=\"elementor-column elementor-col-100 elementor-top-column elementor-element elementor-element-17c8d423\" data-id=\"17c8d423\" data-element_type=\"column\" data-e-type=\"column\" data-settings=\"{&quot;hoteller_ext_link_sidemenu&quot;:&quot;false&quot;,&quot;hoteller_ext_link_fullmenu&quot;:&quot;false&quot;,&quot;hoteller_ext_link_closed_fullmenu&quot;:&quot;false&quot;,&quot;hoteller_ext_is_scrollme&quot;:&quot;false&quot;,&quot;hoteller_ext_is_smoove&quot;:&quot;false&quot;,&quot;hoteller_ext_is_parallax_mouse&quot;:&quot;false&quot;,&quot;hoteller_ext_is_infinite&quot;:&quot;false&quot;,&quot;hoteller_ext_is_fadeout_animation&quot;:&quot;false&quot;,&quot;hoteller_ext_mobile_static&quot;:&quot;false&quot;}\">\n\t\t\t<div class=\"elementor-widget-wrap elementor-element-populated\">\n\t\t\t\t\t\t<div class=\"elementor-element elementor-element-830eab3 elementor-widget elementor-widget-text-editor\" data-id=\"830eab3\" data-element_type=\"widget\" data-e-type=\"widget\" data-settings=\"{&quot;hoteller_ext_link_sidemenu&quot;:&quot;false&quot;,&quot;hoteller_ext_link_fullmenu&quot;:&quot;false&quot;,&quot;hoteller_ext_link_closed_fullmenu&quot;:&quot;false&quot;,&quot;hoteller_ext_is_scrollme&quot;:&quot;false&quot;,&quot;hoteller_ext_is_smoove&quot;:&quot;false&quot;,&quot;hoteller_ext_is_parallax_mouse&quot;:&quot;false&quot;,&quot;hoteller_ext_is_infinite&quot;:&quot;false&quot;,&quot;hoteller_ext_is_fadeout_animation&quot;:&quot;false&quot;,&quot;hoteller_ext_mobile_static&quot;:&quot;false&quot;}\" data-widget_type=\"text-editor.default\">\n\t\t\t\t<div class=\"elementor-widget-container\">\n\t\t\t\t\t\t\t\t\t<p><\/p>\n<p>Der Schutz Ihrer pers\u00f6nlichen Daten ist f\u00fcr uns von gro\u00dfer Bedeutung. Wir verarbeiten Ihre Daten ausschlie\u00dflich in \u00dcbereinstimmung mit den gesetzlichen Bestimmungen (EU-Verordnung Nr. 679\/2016, im Folgenden kurz &#8222;GDPR&#8220; genannt).<\/p>\n<p>Mit dieser Datenschutzerkl\u00e4rung m\u00f6chten wir Sie \u00fcber die wichtigsten Aspekte der Datenverarbeitung auf unserer Website informieren.<\/p>\n<p>Ihre pers\u00f6nlichen Daten sind f\u00fcr unsere Dienstleistungen erforderlich. Dazu geh\u00f6ren insbesondere:<\/p>\n<ul>\n<li>Ihre Grunddaten (Name, Vorname, Anschrift, E-Mail-Adresse, Telefon- und Faxnummer, Geburtsdatum, Kundennummer) sowie Sprache und Kfz-Kennzeichen,<\/li>\n<li>Daten in Reisedokumenten (Passnummer, Passdaten, Geburtsdatum, ausstellende Beh\u00f6rde, G\u00fcltigkeitsdauer, Staatsangeh\u00f6rigkeit) und Ausweisdokumenten (Personalausweis, F\u00fchrerschein usw., einschlie\u00dflich ausstellender Beh\u00f6rde und G\u00fcltigkeitsdauer),<\/li>\n<li>Daten zu Zahlungsmitteln und Zahlungen, insbesondere zu Debit-, Kredit- und Bankkarten,<\/li>\n<li>Andere personenbezogene Daten, die Sie uns zur Verf\u00fcgung gestellt haben.<\/li>\n<\/ul>\n<p>Sie haben uns freiwillig Daten \u00fcber sich selbst zur Verf\u00fcgung gestellt, und wir verarbeiten diese Daten auf der Grundlage Ihrer Einwilligung f\u00fcr die folgenden Zwecke:<\/p>\n<ul>\n<li>Kundendienst und Unterst\u00fctzung f\u00fcr das Unternehmen,<\/li>\n<li>F\u00fcr unsere eigenen Marketingzwecke, wie z. B. die Zusendung von Angeboten, Werbebrosch\u00fcren und Newslettern (in Papier- und elektronischer Form),<\/li>\n<li>Gesetzliche, vertragliche oder andere rechtliche Verpflichtungen unsererseits,<\/li>\n<li>Sowie auf die bestehende oder fr\u00fchere Gesch\u00e4ftsbeziehung mit Ihnen hinweisen.<\/li>\n<\/ul>\n<p>Sie k\u00f6nnen diese Zustimmung jederzeit widerrufen. Ein Widerruf bedeutet, dass wir Ihre Daten von diesem Zeitpunkt an nicht mehr f\u00fcr die oben genannten Zwecke verarbeiten werden.<\/p>\n<p>F\u00fcr den Widerruf wenden Sie sich bitte an: <a href=\"mailto:info@berghausseeblick.com\" target=\"_new\">info@berghausseeblick.com<\/a><\/p>\n<p>Die Aufbewahrungsdauer richtet sich nach der Dauer unserer Gesch\u00e4ftsbeziehung, den von Ihnen erteilten Einwilligungen sowie den f\u00fcr uns geltenden gesetzlichen Aufbewahrungspflichten und gesetzlichen Auflagen.<\/p>\n<p>Wir betonen, dass wir im Falle einer regelm\u00e4\u00dfigen Zusammenarbeit bestrebt sind, den bestm\u00f6glichen Kundenservice zu bieten und Ihre uns bereits mitgeteilten Kundenpr\u00e4ferenzen so gut zu kennen, dass wir Sie kontinuierlich und langfristig zufrieden stellen k\u00f6nnen.<\/p>\n<p><strong>Zus\u00e4tzliche Informationen<\/strong><\/p>\n<p>Wir behalten uns das Recht vor, diese Datenschutzerkl\u00e4rung jederzeit zu \u00e4ndern und an neue Entwicklungen anzupassen. Die neue Fassung ist ab ihrer Ver\u00f6ffentlichung auf unserer Website g\u00fcltig. Die aktuelle Version dieser Datenschutzerkl\u00e4rung ist immer auf der Website unter &#8222;Datenschutz&#8220; verf\u00fcgbar.<\/p>\n<p><strong>Kontaktieren Sie uns<\/strong><\/p>\n<p>Wenn Sie \u00fcber unsere Website oder per E-Mail Kontakt mit uns aufnehmen, werden die von Ihnen gemachten Angaben zum Zwecke der Bearbeitung der Anfrage sowie f\u00fcr m\u00f6gliche Anschlussfragen bei uns gespeichert. Diese Daten werden nicht ohne Ihre Zustimmung weitergegeben.<\/p>\n<p><strong>Ihre Rechte<\/strong><\/p>\n<p>Sie haben grunds\u00e4tzlich das Recht auf Auskunft, Berichtigung, L\u00f6schung, Einschr\u00e4nkung, Daten\u00fcbertragbarkeit, Widerruf und Widerspruch. Wenn Sie der Meinung sind, dass die Verarbeitung Ihrer Daten gegen das Datenschutzrecht verst\u00f6\u00dft oder dass Ihre Rechte auf Privatsph\u00e4re in irgendeiner Weise verletzt wurden, k\u00f6nnen Sie eine Beschwerde bei der Aufsichtsbeh\u00f6rde einreichen. In \u00d6sterreich ist dies die &#8222;Datenschutzbeh\u00f6rde&#8220;.<\/p>\n<p>Sie k\u00f6nnen uns auch \u00fcber die Kontaktdaten auf der Website kontaktieren.<\/p>\n<p><strong>Systeme:<\/strong><\/p>\n<p>Wir verwenden die folgenden Systeme f\u00fcr die Daten\u00fcbertragung:<\/p>\n<ul>\n<li>Google Worksuite: Unser prim\u00e4rer E-Mail-Anbieter, Datenspeicherung, Agenda.<\/li>\n<li>WhatsApp: Gastkommunikation.<\/li>\n<li>Brevo: Unser Newsletter-Anbieter.<\/li>\n<li>Clickup: Agenda und G\u00e4steerlebnis\/Kommunikation.<\/li>\n<li>Make.com: Gastkommunikation<\/li>\n<li>Feratel: Gastbuchungen<\/li>\n<\/ul>\n<p><\/p>\t\t\t\t\t\t\t\t<\/div>\n\t\t\t\t<\/div>\n\t\t\t\t\t<\/div>\n\t\t<\/div>\n\t\t\t\t\t<\/div>\n\t\t<\/section>\n\t\t\t\t<\/div>\n\t\t","protected":false},"excerpt":{"rendered":"<p>Der Schutz Ihrer pers\u00f6nlichen Daten ist f\u00fcr uns von gro\u00dfer Bedeutung. Wir verarbeiten Ihre Daten ausschlie\u00dflich in \u00dcbereinstimmung mit den gesetzlichen Bestimmungen (EU-Verordnung Nr. 679\/2016, im Folgenden kurz &#8222;GDPR&#8220; genannt). Mit dieser Datenschutzerkl\u00e4rung m\u00f6chten wir Sie \u00fcber die wichtigsten Aspekte [&hellip;]<\/p>\n","protected":false},"author":1,"featured_media":0,"parent":0,"menu_order":0,"comment_status":"closed","ping_status":"open","template":"","meta":{"footnotes":""},"class_list":["post-3109","page","type-page","status-publish","hentry"],"yoast_head":"<!-- This site is optimized with the Yoast SEO plugin v27.0 - https:\/\/yoast.com\/product\/yoast-seo-wordpress\/ -->\n<title>Datenschutzbestimmungen - Berghaus Seeblick | Feld am See Apartments<\/title>\n<meta name=\"robots\" content=\"index, follow, max-snippet:-1, max-image-preview:large, max-video-preview:-1\" \/>\n<link rel=\"canonical\" href=\"https:\/\/berghausseeblick.com\/de\/datenschutzbestimmungen\/\" \/>\n<meta property=\"og:locale\" content=\"de_DE\" \/>\n<meta property=\"og:type\" content=\"article\" \/>\n<meta property=\"og:title\" content=\"Datenschutzbestimmungen - Berghaus Seeblick | Feld am See Apartments\" \/>\n<meta property=\"og:description\" content=\"Der Schutz Ihrer pers\u00f6nlichen Daten ist f\u00fcr uns von gro\u00dfer Bedeutung. Wir verarbeiten Ihre Daten ausschlie\u00dflich in \u00dcbereinstimmung mit den gesetzlichen Bestimmungen (EU-Verordnung Nr. 679\/2016, im Folgenden kurz &#8222;GDPR&#8220; genannt). Mit dieser Datenschutzerkl\u00e4rung m\u00f6chten wir Sie \u00fcber die wichtigsten Aspekte [&hellip;]\" \/>\n<meta property=\"og:url\" content=\"https:\/\/berghausseeblick.com\/de\/datenschutzbestimmungen\/\" \/>\n<meta property=\"og:site_name\" content=\"Berghaus Seeblick | Feld am See Apartments\" \/>\n<meta property=\"article:modified_time\" content=\"2023-12-11T20:53:26+00:00\" \/>\n<meta name=\"twitter:card\" content=\"summary_large_image\" \/>\n<meta name=\"twitter:label1\" content=\"Gesch\u00e4tzte Lesezeit\" \/>\n\t<meta name=\"twitter:data1\" content=\"3\u00a0Minuten\" \/>\n<script type=\"application\/ld+json\" class=\"yoast-schema-graph\">{\"@context\":\"https:\/\/schema.org\",\"@graph\":[{\"@type\":\"WebPage\",\"@id\":\"https:\/\/berghausseeblick.com\/de\/datenschutzbestimmungen\/\",\"url\":\"https:\/\/berghausseeblick.com\/de\/datenschutzbestimmungen\/\",\"name\":\"Datenschutzbestimmungen - Berghaus Seeblick | Feld am See Apartments\",\"isPartOf\":{\"@id\":\"https:\/\/berghausseeblick.com\/de\/#website\"},\"datePublished\":\"2022-11-18T13:57:13+00:00\",\"dateModified\":\"2023-12-11T20:53:26+00:00\",\"breadcrumb\":{\"@id\":\"https:\/\/berghausseeblick.com\/de\/datenschutzbestimmungen\/#breadcrumb\"},\"inLanguage\":\"de\",\"potentialAction\":[{\"@type\":\"ReadAction\",\"target\":[\"https:\/\/berghausseeblick.com\/de\/datenschutzbestimmungen\/\"]}]},{\"@type\":\"BreadcrumbList\",\"@id\":\"https:\/\/berghausseeblick.com\/de\/datenschutzbestimmungen\/#breadcrumb\",\"itemListElement\":[{\"@type\":\"ListItem\",\"position\":1,\"name\":\"Home\",\"item\":\"https:\/\/berghausseeblick.com\/de\/\"},{\"@type\":\"ListItem\",\"position\":2,\"name\":\"Datenschutzbestimmungen\"}]},{\"@type\":\"WebSite\",\"@id\":\"https:\/\/berghausseeblick.com\/de\/#website\",\"url\":\"https:\/\/berghausseeblick.com\/de\/\",\"name\":\"Berghaus Seeblick | Feld am See Apartments\",\"description\":\"\",\"potentialAction\":[{\"@type\":\"SearchAction\",\"target\":{\"@type\":\"EntryPoint\",\"urlTemplate\":\"https:\/\/berghausseeblick.com\/de\/?s={search_term_string}\"},\"query-input\":{\"@type\":\"PropertyValueSpecification\",\"valueRequired\":true,\"valueName\":\"search_term_string\"}}],\"inLanguage\":\"de\"}]}<\/script>\n<!-- \/ Yoast SEO plugin. -->","yoast_head_json":{"title":"Datenschutzbestimmungen - Berghaus Seeblick | Feld am See Apartments","robots":{"index":"index","follow":"follow","max-snippet":"max-snippet:-1","max-image-preview":"max-image-preview:large","max-video-preview":"max-video-preview:-1"},"canonical":"https:\/\/berghausseeblick.com\/de\/datenschutzbestimmungen\/","og_locale":"de_DE","og_type":"article","og_title":"Datenschutzbestimmungen - Berghaus Seeblick | Feld am See Apartments","og_description":"Der Schutz Ihrer pers\u00f6nlichen Daten ist f\u00fcr uns von gro\u00dfer Bedeutung. Wir verarbeiten Ihre Daten ausschlie\u00dflich in \u00dcbereinstimmung mit den gesetzlichen Bestimmungen (EU-Verordnung Nr. 679\/2016, im Folgenden kurz &#8222;GDPR&#8220; genannt). Mit dieser Datenschutzerkl\u00e4rung m\u00f6chten wir Sie \u00fcber die wichtigsten Aspekte [&hellip;]","og_url":"https:\/\/berghausseeblick.com\/de\/datenschutzbestimmungen\/","og_site_name":"Berghaus Seeblick | Feld am See Apartments","article_modified_time":"2023-12-11T20:53:26+00:00","twitter_card":"summary_large_image","twitter_misc":{"Gesch\u00e4tzte Lesezeit":"3\u00a0Minuten"},"schema":{"@context":"https:\/\/schema.org","@graph":[{"@type":"WebPage","@id":"https:\/\/berghausseeblick.com\/de\/datenschutzbestimmungen\/","url":"https:\/\/berghausseeblick.com\/de\/datenschutzbestimmungen\/","name":"Datenschutzbestimmungen - Berghaus Seeblick | Feld am See Apartments","isPartOf":{"@id":"https:\/\/berghausseeblick.com\/de\/#website"},"datePublished":"2022-11-18T13:57:13+00:00","dateModified":"2023-12-11T20:53:26+00:00","breadcrumb":{"@id":"https:\/\/berghausseeblick.com\/de\/datenschutzbestimmungen\/#breadcrumb"},"inLanguage":"de","potentialAction":[{"@type":"ReadAction","target":["https:\/\/berghausseeblick.com\/de\/datenschutzbestimmungen\/"]}]},{"@type":"BreadcrumbList","@id":"https:\/\/berghausseeblick.com\/de\/datenschutzbestimmungen\/#breadcrumb","itemListElement":[{"@type":"ListItem","position":1,"name":"Home","item":"https:\/\/berghausseeblick.com\/de\/"},{"@type":"ListItem","position":2,"name":"Datenschutzbestimmungen"}]},{"@type":"WebSite","@id":"https:\/\/berghausseeblick.com\/de\/#website","url":"https:\/\/berghausseeblick.com\/de\/","name":"Berghaus Seeblick | Feld am See Apartments","description":"","potentialAction":[{"@type":"SearchAction","target":{"@type":"EntryPoint","urlTemplate":"https:\/\/berghausseeblick.com\/de\/?s={search_term_string}"},"query-input":{"@type":"PropertyValueSpecification","valueRequired":true,"valueName":"search_term_string"}}],"inLanguage":"de"}]}},"_links":{"self":[{"href":"https:\/\/berghausseeblick.com\/de\/wp-json\/wp\/v2\/pages\/3109","targetHints":{"allow":["GET"]}}],"collection":[{"href":"https:\/\/berghausseeblick.com\/de\/wp-json\/wp\/v2\/pages"}],"about":[{"href":"https:\/\/berghausseeblick.com\/de\/wp-json\/wp\/v2\/types\/page"}],"author":[{"embeddable":true,"href":"https:\/\/berghausseeblick.com\/de\/wp-json\/wp\/v2\/users\/1"}],"replies":[{"embeddable":true,"href":"https:\/\/berghausseeblick.com\/de\/wp-json\/wp\/v2\/comments?post=3109"}],"version-history":[{"count":1,"href":"https:\/\/berghausseeblick.com\/de\/wp-json\/wp\/v2\/pages\/3109\/revisions"}],"predecessor-version":[{"id":3110,"href":"https:\/\/berghausseeblick.com\/de\/wp-json\/wp\/v2\/pages\/3109\/revisions\/3110"}],"wp:attachment":[{"href":"https:\/\/berghausseeblick.com\/de\/wp-json\/wp\/v2\/media?parent=3109"}],"curies":[{"name":"wp","href":"https:\/\/api.w.org\/{rel}","templated":true}]}}