{"id":3062,"date":"2023-12-11T18:50:11","date_gmt":"2023-12-11T18:50:11","guid":{"rendered":"https:\/\/berghausseeblick.com\/anfrage-fuer-buchungen\/"},"modified":"2025-10-13T09:26:21","modified_gmt":"2025-10-13T09:26:21","slug":"anfrage-fuer-buchungen","status":"publish","type":"page","link":"https:\/\/berghausseeblick.com\/de\/anfrage-fuer-buchungen\/","title":{"rendered":"Anfrage f\u00fcr Buchungen"},"content":{"rendered":"\t\t<div data-elementor-type=\"wp-page\" data-elementor-id=\"3062\" class=\"elementor elementor-3062 elementor-3035\" data-elementor-post-type=\"page\">\n\t\t\t\t\t\t<section class=\"elementor-section elementor-top-section elementor-element elementor-element-94fc3b8 elementor-section-boxed elementor-section-height-default elementor-section-height-default\" data-id=\"94fc3b8\" data-element_type=\"section\" data-e-type=\"section\" data-settings=\"{&quot;hoteller_ext_is_background_parallax&quot;:&quot;false&quot;,&quot;hoteller_ext_is_background_on_scroll&quot;:&quot;false&quot;}\">\n\t\t\t\t\t\t<div class=\"elementor-container elementor-column-gap-default\">\n\t\t\t\t\t<div class=\"elementor-column elementor-col-50 elementor-top-column elementor-element elementor-element-2a16722\" data-id=\"2a16722\" data-element_type=\"column\" data-e-type=\"column\" data-settings=\"{&quot;hoteller_ext_link_sidemenu&quot;:&quot;false&quot;,&quot;hoteller_ext_link_fullmenu&quot;:&quot;false&quot;,&quot;hoteller_ext_link_closed_fullmenu&quot;:&quot;false&quot;,&quot;hoteller_ext_is_scrollme&quot;:&quot;false&quot;,&quot;hoteller_ext_is_smoove&quot;:&quot;false&quot;,&quot;hoteller_ext_is_parallax_mouse&quot;:&quot;false&quot;,&quot;hoteller_ext_is_infinite&quot;:&quot;false&quot;,&quot;hoteller_ext_is_fadeout_animation&quot;:&quot;false&quot;,&quot;hoteller_ext_mobile_static&quot;:&quot;false&quot;}\">\n\t\t\t<div class=\"elementor-widget-wrap elementor-element-populated\">\n\t\t\t\t\t\t<div class=\"elementor-element elementor-element-229d825 elementor-widget elementor-widget-text-editor\" data-id=\"229d825\" data-element_type=\"widget\" data-e-type=\"widget\" data-settings=\"{&quot;hoteller_ext_link_sidemenu&quot;:&quot;false&quot;,&quot;hoteller_ext_link_fullmenu&quot;:&quot;false&quot;,&quot;hoteller_ext_link_closed_fullmenu&quot;:&quot;false&quot;,&quot;hoteller_ext_is_scrollme&quot;:&quot;false&quot;,&quot;hoteller_ext_is_smoove&quot;:&quot;false&quot;,&quot;hoteller_ext_is_parallax_mouse&quot;:&quot;false&quot;,&quot;hoteller_ext_is_infinite&quot;:&quot;false&quot;,&quot;hoteller_ext_is_fadeout_animation&quot;:&quot;false&quot;,&quot;hoteller_ext_mobile_static&quot;:&quot;false&quot;}\" data-widget_type=\"text-editor.default\">\n\t\t\t\t<div class=\"elementor-widget-container\">\n\t\t\t\t\t\t\t\t\t<p><strong>Planen Sie Ihren unvergesslichen Aufenthalt im Berghaus Seeblick<\/strong><\/p><p>Wir freuen uns, dass Sie einen Aufenthalt bei uns in Erw\u00e4gung ziehen! Um die Reise zu Ihrem Traumurlaub zu beginnen, f\u00fcllen Sie einfach das untenstehende Buchungsformular aus oder schicken Sie uns eine E-Mail an info@berghausseeblick.com. <\/p><p>Teilen Sie uns Ihre W\u00fcnsche und Bed\u00fcrfnisse mit, und wir werden ein ma\u00dfgeschneidertes Erlebnis im Herzen K\u00e4rntens f\u00fcr Sie zusammenstellen. Egal, ob Sie sich nach einem ruhigen Urlaub oder einem abenteuerlichen Ausflug sehnen, Ihr perfekter R\u00fcckzugsort beginnt hier.<\/p>\t\t\t\t\t\t\t\t<\/div>\n\t\t\t\t<\/div>\n\t\t\t\t\t<\/div>\n\t\t<\/div>\n\t\t\t\t<div class=\"elementor-column elementor-col-50 elementor-top-column elementor-element elementor-element-2877382\" data-id=\"2877382\" data-element_type=\"column\" data-e-type=\"column\" data-settings=\"{&quot;hoteller_ext_link_sidemenu&quot;:&quot;false&quot;,&quot;hoteller_ext_link_fullmenu&quot;:&quot;false&quot;,&quot;hoteller_ext_link_closed_fullmenu&quot;:&quot;false&quot;,&quot;hoteller_ext_is_scrollme&quot;:&quot;false&quot;,&quot;hoteller_ext_is_smoove&quot;:&quot;false&quot;,&quot;hoteller_ext_is_parallax_mouse&quot;:&quot;false&quot;,&quot;hoteller_ext_is_infinite&quot;:&quot;false&quot;,&quot;hoteller_ext_is_fadeout_animation&quot;:&quot;false&quot;,&quot;hoteller_ext_mobile_static&quot;:&quot;false&quot;}\">\n\t\t\t<div class=\"elementor-widget-wrap elementor-element-populated\">\n\t\t\t\t\t\t<div class=\"elementor-element elementor-element-a1c9278 elementor-widget elementor-widget-image\" data-id=\"a1c9278\" data-element_type=\"widget\" data-e-type=\"widget\" data-settings=\"{&quot;hoteller_image_is_animation&quot;:&quot;false&quot;,&quot;hoteller_ext_link_sidemenu&quot;:&quot;false&quot;,&quot;hoteller_ext_link_fullmenu&quot;:&quot;false&quot;,&quot;hoteller_ext_link_closed_fullmenu&quot;:&quot;false&quot;,&quot;hoteller_ext_is_scrollme&quot;:&quot;false&quot;,&quot;hoteller_ext_is_smoove&quot;:&quot;false&quot;,&quot;hoteller_ext_is_parallax_mouse&quot;:&quot;false&quot;,&quot;hoteller_ext_is_infinite&quot;:&quot;false&quot;,&quot;hoteller_ext_is_fadeout_animation&quot;:&quot;false&quot;,&quot;hoteller_ext_mobile_static&quot;:&quot;false&quot;}\" data-widget_type=\"image.default\">\n\t\t\t\t<div class=\"elementor-widget-container\">\n\t\t\t\t\t\t\t\t\t\t\t\t\t\t\t<img fetchpriority=\"high\" decoding=\"async\" width=\"1024\" height=\"574\" src=\"https:\/\/berghausseeblick.com\/wp-content\/uploads\/2023\/09\/wellnessregion_badkleinkirchheim-1024x574.jpg\" class=\"attachment-large size-large wp-image-2768\" alt=\"\" srcset=\"https:\/\/berghausseeblick.com\/wp-content\/uploads\/2023\/09\/wellnessregion_badkleinkirchheim-1024x574.jpg 1024w, https:\/\/berghausseeblick.com\/wp-content\/uploads\/2023\/09\/wellnessregion_badkleinkirchheim-300x168.jpg 300w, https:\/\/berghausseeblick.com\/wp-content\/uploads\/2023\/09\/wellnessregion_badkleinkirchheim-768x430.jpg 768w, https:\/\/berghausseeblick.com\/wp-content\/uploads\/2023\/09\/wellnessregion_badkleinkirchheim-440x247.jpg 440w, https:\/\/berghausseeblick.com\/wp-content\/uploads\/2023\/09\/wellnessregion_badkleinkirchheim-600x336.jpg 600w, https:\/\/berghausseeblick.com\/wp-content\/uploads\/2023\/09\/wellnessregion_badkleinkirchheim.jpg 1456w\" sizes=\"(max-width: 1024px) 100vw, 1024px\" \/>\t\t\t\t\t\t\t\t\t\t\t\t\t\t\t<\/div>\n\t\t\t\t<\/div>\n\t\t\t\t\t<\/div>\n\t\t<\/div>\n\t\t\t\t\t<\/div>\n\t\t<\/section>\n\t\t\t\t<section class=\"elementor-section elementor-top-section elementor-element elementor-element-5f9da256 elementor-section-boxed elementor-section-height-default elementor-section-height-default\" data-id=\"5f9da256\" data-element_type=\"section\" data-e-type=\"section\" data-settings=\"{&quot;hoteller_ext_is_background_parallax&quot;:&quot;false&quot;,&quot;hoteller_ext_is_background_on_scroll&quot;:&quot;false&quot;}\">\n\t\t\t\t\t\t<div class=\"elementor-container elementor-column-gap-default\">\n\t\t\t\t\t<div class=\"elementor-column elementor-col-100 elementor-top-column elementor-element elementor-element-2f35ab14\" data-id=\"2f35ab14\" data-element_type=\"column\" data-e-type=\"column\" data-settings=\"{&quot;hoteller_ext_link_sidemenu&quot;:&quot;false&quot;,&quot;hoteller_ext_link_fullmenu&quot;:&quot;false&quot;,&quot;hoteller_ext_link_closed_fullmenu&quot;:&quot;false&quot;,&quot;hoteller_ext_is_scrollme&quot;:&quot;false&quot;,&quot;hoteller_ext_is_smoove&quot;:&quot;false&quot;,&quot;hoteller_ext_is_parallax_mouse&quot;:&quot;false&quot;,&quot;hoteller_ext_is_infinite&quot;:&quot;false&quot;,&quot;hoteller_ext_is_fadeout_animation&quot;:&quot;false&quot;,&quot;hoteller_ext_mobile_static&quot;:&quot;false&quot;}\">\n\t\t\t<div class=\"elementor-widget-wrap elementor-element-populated\">\n\t\t\t\t\t\t<div class=\"elementor-element elementor-element-7a47c7ad elementor-widget elementor-widget-text-editor\" data-id=\"7a47c7ad\" data-element_type=\"widget\" data-e-type=\"widget\" data-settings=\"{&quot;hoteller_ext_link_sidemenu&quot;:&quot;false&quot;,&quot;hoteller_ext_link_fullmenu&quot;:&quot;false&quot;,&quot;hoteller_ext_link_closed_fullmenu&quot;:&quot;false&quot;,&quot;hoteller_ext_is_scrollme&quot;:&quot;false&quot;,&quot;hoteller_ext_is_smoove&quot;:&quot;false&quot;,&quot;hoteller_ext_is_parallax_mouse&quot;:&quot;false&quot;,&quot;hoteller_ext_is_infinite&quot;:&quot;false&quot;,&quot;hoteller_ext_is_fadeout_animation&quot;:&quot;false&quot;,&quot;hoteller_ext_mobile_static&quot;:&quot;false&quot;}\" data-widget_type=\"text-editor.default\">\n\t\t\t\t<div class=\"elementor-widget-container\">\n\t\t\t\t\t\t\t\t\t<div class=\"wp-block-contact-form-7-contact-form-selector\">\n<div class=\"wpcf7 no-js\" id=\"wpcf7-f3056-o1\" lang=\"de-DE\" dir=\"ltr\" data-wpcf7-id=\"3056\">\n<div class=\"screen-reader-response\"><p role=\"status\" aria-live=\"polite\" aria-atomic=\"true\"><\/p> <ul><\/ul><\/div>\n<form action=\"\/de\/wp-json\/wp\/v2\/pages\/3062#wpcf7-f3056-o1\" method=\"post\" class=\"wpcf7-form init\" aria-label=\"Kontaktformular\" novalidate=\"novalidate\" data-status=\"init\">\n<fieldset class=\"hidden-fields-container\"><input type=\"hidden\" name=\"_wpcf7\" value=\"3056\" \/><input type=\"hidden\" name=\"_wpcf7_version\" value=\"6.1.5\" \/><input type=\"hidden\" name=\"_wpcf7_locale\" value=\"de_DE\" \/><input type=\"hidden\" name=\"_wpcf7_unit_tag\" value=\"wpcf7-f3056-o1\" \/><input type=\"hidden\" name=\"_wpcf7_container_post\" value=\"0\" \/><input type=\"hidden\" name=\"_wpcf7_posted_data_hash\" value=\"\" \/><input type=\"hidden\" name=\"_wpcf7cf_hidden_group_fields\" value=\"[]\" \/><input type=\"hidden\" name=\"_wpcf7cf_hidden_groups\" value=\"[]\" \/><input type=\"hidden\" name=\"_wpcf7cf_visible_groups\" value=\"[]\" \/><input type=\"hidden\" name=\"_wpcf7cf_repeaters\" value=\"[]\" \/><input type=\"hidden\" name=\"_wpcf7cf_steps\" value=\"{}\" \/><input type=\"hidden\" name=\"_wpcf7cf_options\" value=\"{&quot;form_id&quot;:3056,&quot;conditions&quot;:[],&quot;settings&quot;:{&quot;animation&quot;:&quot;yes&quot;,&quot;animation_intime&quot;:200,&quot;animation_outtime&quot;:200,&quot;conditions_ui&quot;:&quot;normal&quot;,&quot;notice_dismissed&quot;:false}}\" \/><input type=\"hidden\" name=\"_wpcf7dtx_version\" value=\"5.0.5\" \/>\n<\/fieldset>\n<p><label> Ihr Name (erforderlich)<br \/>\n<span class=\"wpcf7-form-control-wrap\" data-name=\"your-name\"><input size=\"40\" maxlength=\"400\" class=\"wpcf7-form-control wpcf7-text wpcf7-validates-as-required\" aria-required=\"true\" aria-invalid=\"false\" value=\"\" type=\"text\" name=\"your-name\" \/><\/span><br \/>\n<\/label>\n<\/p>\n<p><label> Ihre E-Mail (erforderlich)<br \/>\n<span class=\"wpcf7-form-control-wrap\" data-name=\"your-email\"><input size=\"40\" maxlength=\"400\" class=\"wpcf7-form-control wpcf7-email wpcf7-validates-as-required wpcf7-text wpcf7-validates-as-email\" aria-required=\"true\" aria-invalid=\"false\" value=\"\" type=\"email\" name=\"your-email\" \/><\/span><br \/>\n<\/label>\n<\/p>\n<p><label> Ihre Telefonnummer<br \/>\n<span class=\"wpcf7-form-control-wrap\" data-name=\"your-phone\"><input size=\"40\" maxlength=\"400\" class=\"wpcf7-form-control wpcf7-tel wpcf7-text wpcf7-validates-as-tel\" aria-invalid=\"false\" value=\"\" type=\"tel\" name=\"your-phone\" \/><\/span><br \/>\n<\/label>\n<\/p>\n<p><label> Ankunftsdatum (erforderlich)<br \/>\n<span class=\"wpcf7-form-control-wrap\" data-name=\"arrival-date\"><input class=\"wpcf7-form-control wpcf7-date wpcf7-validates-as-required wpcf7-validates-as-date\" aria-required=\"true\" aria-invalid=\"false\" value=\"\" type=\"date\" name=\"arrival-date\" \/><\/span><br \/>\n<\/label>\n<\/p>\n<p><label> Abreisedatum (erforderlich)<br \/>\n<span class=\"wpcf7-form-control-wrap\" data-name=\"departure-date\"><input class=\"wpcf7-form-control wpcf7-date wpcf7-validates-as-required wpcf7-validates-as-date\" aria-required=\"true\" aria-invalid=\"false\" value=\"\" type=\"date\" name=\"departure-date\" \/><\/span><br \/>\n<\/label>\n<\/p>\n<p><label> Choose an Apartment (wish)<br \/>\n<span class=\"wpcf7-form-control-wrap\" data-name=\"apartment\"><select class=\"wpcf7-form-control wpcf7-select\" aria-invalid=\"false\" name=\"apartment\"><option value=\"\">&#8211; Bitte ausw\u00e4hlen &#8211;<\/option><option value=\"Eule\">Eule<\/option><option value=\"Fuchs\">Fuchs<\/option><option value=\"Streinbock\">Streinbock<\/option><\/select><\/span><br \/>\n<\/label>\n<\/p>\n<hr \/>\n<p><label> Anzahl der Erwachsenen<br \/>\n<span class=\"wpcf7-form-control-wrap\" data-name=\"adults\"><input class=\"wpcf7-form-control wpcf7-number wpcf7-validates-as-required wpcf7-validates-as-number\" min=\"1\" max=\"10\" aria-required=\"true\" aria-invalid=\"false\" value=\"\" type=\"number\" name=\"adults\" \/><\/span><br \/>\n<\/label>\n<\/p>\n<p><label> Anzahl kinder<br \/>\n<span class=\"wpcf7-form-control-wrap\" data-name=\"children\"><input class=\"wpcf7-form-control wpcf7-number wpcf7-validates-as-number\" min=\"0\" max=\"10\" aria-invalid=\"false\" value=\"\" type=\"number\" name=\"children\" \/><\/span><br \/>\n<\/label>\n<\/p>\n<div data-id=\"children-ages-group\" data-orig_data_id=\"children-ages-group\"  class=\"\" data-class=\"wpcf7cf_group\">\n\t<p><label> Alter der Kinder<br \/>\nz. B. 9,7<br \/>\n\t\t\t<g id=\"gid_1\">\n\t\t\t<\/g><br \/>\n<\/label>\n\t<\/p>\n<\/div>\n<hr \/>\n<p><label> Besondere Anfragen<br \/>\n<span class=\"wpcf7-form-control-wrap\" data-name=\"your-message\"><textarea cols=\"40\" rows=\"10\" maxlength=\"2000\" class=\"wpcf7-form-control wpcf7-textarea special-requests-box\" aria-invalid=\"false\" name=\"your-message\"><\/textarea><\/span><br \/>\n<\/label>\n<\/p>\n<p><label> Subscribe to our Newsletter<br \/>\n<span class=\"wpcf7-form-control-wrap\" data-name=\"newsletter\"><span class=\"wpcf7-form-control wpcf7-checkbox\"><span class=\"wpcf7-list-item first last\"><input type=\"checkbox\" name=\"newsletter[]\" value=\"Yes, I would like to receive updates and offers via email.\" \/><span class=\"wpcf7-list-item-label\">Yes, I would like to receive updates and offers via email.<\/span><\/span><\/span><\/span><br \/>\n<\/label>\n<\/p>\n<p><label> Privacy Policy (Click here for the Privacy Policy: <a href=\"\/privacy-policy\/\" target=\"_blank\">Privacy Policy<\/a>) (required)<br \/>\n<span class=\"wpcf7-form-control-wrap\" data-name=\"privacy-policy\"><span class=\"wpcf7-form-control wpcf7-checkbox wpcf7-validates-as-required\"><span class=\"wpcf7-list-item first last\"><input type=\"checkbox\" name=\"privacy-policy[]\" value=\"I have read and agree to the Privacy Policy\" \/><span class=\"wpcf7-list-item-label\">I have read and agree to the Privacy Policy<\/span><\/span><\/span><\/span><br \/>\n<\/label>\n<\/p>\n<input class=\"wpcf7-form-control wpcf7-hidden\" value=\"\" type=\"hidden\" name=\"app-value\" \/>\n<p><input class=\"wpcf7-form-control wpcf7-submit has-spinner\" type=\"submit\" value=\"Send\" \/>\n<\/p><div class=\"wpcf7-response-output\" aria-hidden=\"true\"><\/div>\n<\/form>\n<\/div>\n<\/div>\t\t\t\t\t\t\t\t<\/div>\n\t\t\t\t<\/div>\n\t\t\t\t\t<\/div>\n\t\t<\/div>\n\t\t\t\t\t<\/div>\n\t\t<\/section>\n\t\t\t\t<\/div>\n\t\t","protected":false},"excerpt":{"rendered":"<p>Planen Sie Ihren unvergesslichen Aufenthalt im Berghaus Seeblick Wir freuen uns, dass Sie einen Aufenthalt bei uns in Erw\u00e4gung ziehen! Um die Reise zu Ihrem Traumurlaub zu beginnen, f\u00fcllen Sie einfach das untenstehende Buchungsformular aus oder schicken Sie uns eine [&hellip;]<\/p>\n","protected":false},"author":1,"featured_media":0,"parent":0,"menu_order":0,"comment_status":"closed","ping_status":"closed","template":"","meta":{"footnotes":""},"class_list":["post-3062","page","type-page","status-publish","hentry"],"yoast_head":"<!-- This site is optimized with the Yoast SEO plugin v27.0 - https:\/\/yoast.com\/product\/yoast-seo-wordpress\/ -->\n<title>Anfrage f\u00fcr Buchungen - Berghaus Seeblick | Feld am See Apartments<\/title>\n<meta name=\"robots\" content=\"index, follow, max-snippet:-1, max-image-preview:large, max-video-preview:-1\" \/>\n<link rel=\"canonical\" href=\"https:\/\/berghausseeblick.com\/de\/anfrage-fuer-buchungen\/\" \/>\n<meta property=\"og:locale\" content=\"de_DE\" \/>\n<meta property=\"og:type\" content=\"article\" \/>\n<meta property=\"og:title\" content=\"Anfrage f\u00fcr Buchungen - Berghaus Seeblick | Feld am See Apartments\" \/>\n<meta property=\"og:description\" content=\"Planen Sie Ihren unvergesslichen Aufenthalt im Berghaus Seeblick Wir freuen uns, dass Sie einen Aufenthalt bei uns in Erw\u00e4gung ziehen! Um die Reise zu Ihrem Traumurlaub zu beginnen, f\u00fcllen Sie einfach das untenstehende Buchungsformular aus oder schicken Sie uns eine [&hellip;]\" \/>\n<meta property=\"og:url\" content=\"https:\/\/berghausseeblick.com\/de\/anfrage-fuer-buchungen\/\" \/>\n<meta property=\"og:site_name\" content=\"Berghaus Seeblick | Feld am See Apartments\" \/>\n<meta property=\"article:modified_time\" content=\"2025-10-13T09:26:21+00:00\" \/>\n<meta property=\"og:image\" content=\"https:\/\/berghausseeblick.com\/wp-content\/uploads\/2023\/09\/wellnessregion_badkleinkirchheim.jpg\" \/>\n\t<meta property=\"og:image:width\" content=\"1456\" \/>\n\t<meta property=\"og:image:height\" content=\"816\" \/>\n\t<meta property=\"og:image:type\" content=\"image\/jpeg\" \/>\n<meta name=\"twitter:card\" content=\"summary_large_image\" \/>\n<script type=\"application\/ld+json\" class=\"yoast-schema-graph\">{\"@context\":\"https:\/\/schema.org\",\"@graph\":[{\"@type\":\"WebPage\",\"@id\":\"https:\/\/berghausseeblick.com\/de\/anfrage-fuer-buchungen\/\",\"url\":\"https:\/\/berghausseeblick.com\/de\/anfrage-fuer-buchungen\/\",\"name\":\"Anfrage f\u00fcr Buchungen - Berghaus Seeblick | Feld am See Apartments\",\"isPartOf\":{\"@id\":\"https:\/\/berghausseeblick.com\/de\/#website\"},\"primaryImageOfPage\":{\"@id\":\"https:\/\/berghausseeblick.com\/de\/anfrage-fuer-buchungen\/#primaryimage\"},\"image\":{\"@id\":\"https:\/\/berghausseeblick.com\/de\/anfrage-fuer-buchungen\/#primaryimage\"},\"thumbnailUrl\":\"https:\/\/berghausseeblick.com\/wp-content\/uploads\/2023\/09\/wellnessregion_badkleinkirchheim-1024x574.jpg\",\"datePublished\":\"2023-12-11T18:50:11+00:00\",\"dateModified\":\"2025-10-13T09:26:21+00:00\",\"breadcrumb\":{\"@id\":\"https:\/\/berghausseeblick.com\/de\/anfrage-fuer-buchungen\/#breadcrumb\"},\"inLanguage\":\"de\",\"potentialAction\":[{\"@type\":\"ReadAction\",\"target\":[\"https:\/\/berghausseeblick.com\/de\/anfrage-fuer-buchungen\/\"]}]},{\"@type\":\"ImageObject\",\"inLanguage\":\"de\",\"@id\":\"https:\/\/berghausseeblick.com\/de\/anfrage-fuer-buchungen\/#primaryimage\",\"url\":\"https:\/\/berghausseeblick.com\/wp-content\/uploads\/2023\/09\/wellnessregion_badkleinkirchheim-1024x574.jpg\",\"contentUrl\":\"https:\/\/berghausseeblick.com\/wp-content\/uploads\/2023\/09\/wellnessregion_badkleinkirchheim-1024x574.jpg\"},{\"@type\":\"BreadcrumbList\",\"@id\":\"https:\/\/berghausseeblick.com\/de\/anfrage-fuer-buchungen\/#breadcrumb\",\"itemListElement\":[{\"@type\":\"ListItem\",\"position\":1,\"name\":\"Home\",\"item\":\"https:\/\/berghausseeblick.com\/de\/\"},{\"@type\":\"ListItem\",\"position\":2,\"name\":\"Anfrage f\u00fcr Buchungen\"}]},{\"@type\":\"WebSite\",\"@id\":\"https:\/\/berghausseeblick.com\/de\/#website\",\"url\":\"https:\/\/berghausseeblick.com\/de\/\",\"name\":\"Berghaus Seeblick | Feld am See Apartments\",\"description\":\"\",\"potentialAction\":[{\"@type\":\"SearchAction\",\"target\":{\"@type\":\"EntryPoint\",\"urlTemplate\":\"https:\/\/berghausseeblick.com\/de\/?s={search_term_string}\"},\"query-input\":{\"@type\":\"PropertyValueSpecification\",\"valueRequired\":true,\"valueName\":\"search_term_string\"}}],\"inLanguage\":\"de\"}]}<\/script>\n<!-- \/ Yoast SEO plugin. -->","yoast_head_json":{"title":"Anfrage f\u00fcr Buchungen - Berghaus Seeblick | Feld am See Apartments","robots":{"index":"index","follow":"follow","max-snippet":"max-snippet:-1","max-image-preview":"max-image-preview:large","max-video-preview":"max-video-preview:-1"},"canonical":"https:\/\/berghausseeblick.com\/de\/anfrage-fuer-buchungen\/","og_locale":"de_DE","og_type":"article","og_title":"Anfrage f\u00fcr Buchungen - Berghaus Seeblick | Feld am See Apartments","og_description":"Planen Sie Ihren unvergesslichen Aufenthalt im Berghaus Seeblick Wir freuen uns, dass Sie einen Aufenthalt bei uns in Erw\u00e4gung ziehen! Um die Reise zu Ihrem Traumurlaub zu beginnen, f\u00fcllen Sie einfach das untenstehende Buchungsformular aus oder schicken Sie uns eine [&hellip;]","og_url":"https:\/\/berghausseeblick.com\/de\/anfrage-fuer-buchungen\/","og_site_name":"Berghaus Seeblick | Feld am See Apartments","article_modified_time":"2025-10-13T09:26:21+00:00","og_image":[{"width":1456,"height":816,"url":"https:\/\/berghausseeblick.com\/wp-content\/uploads\/2023\/09\/wellnessregion_badkleinkirchheim.jpg","type":"image\/jpeg"}],"twitter_card":"summary_large_image","schema":{"@context":"https:\/\/schema.org","@graph":[{"@type":"WebPage","@id":"https:\/\/berghausseeblick.com\/de\/anfrage-fuer-buchungen\/","url":"https:\/\/berghausseeblick.com\/de\/anfrage-fuer-buchungen\/","name":"Anfrage f\u00fcr Buchungen - Berghaus Seeblick | Feld am See Apartments","isPartOf":{"@id":"https:\/\/berghausseeblick.com\/de\/#website"},"primaryImageOfPage":{"@id":"https:\/\/berghausseeblick.com\/de\/anfrage-fuer-buchungen\/#primaryimage"},"image":{"@id":"https:\/\/berghausseeblick.com\/de\/anfrage-fuer-buchungen\/#primaryimage"},"thumbnailUrl":"https:\/\/berghausseeblick.com\/wp-content\/uploads\/2023\/09\/wellnessregion_badkleinkirchheim-1024x574.jpg","datePublished":"2023-12-11T18:50:11+00:00","dateModified":"2025-10-13T09:26:21+00:00","breadcrumb":{"@id":"https:\/\/berghausseeblick.com\/de\/anfrage-fuer-buchungen\/#breadcrumb"},"inLanguage":"de","potentialAction":[{"@type":"ReadAction","target":["https:\/\/berghausseeblick.com\/de\/anfrage-fuer-buchungen\/"]}]},{"@type":"ImageObject","inLanguage":"de","@id":"https:\/\/berghausseeblick.com\/de\/anfrage-fuer-buchungen\/#primaryimage","url":"https:\/\/berghausseeblick.com\/wp-content\/uploads\/2023\/09\/wellnessregion_badkleinkirchheim-1024x574.jpg","contentUrl":"https:\/\/berghausseeblick.com\/wp-content\/uploads\/2023\/09\/wellnessregion_badkleinkirchheim-1024x574.jpg"},{"@type":"BreadcrumbList","@id":"https:\/\/berghausseeblick.com\/de\/anfrage-fuer-buchungen\/#breadcrumb","itemListElement":[{"@type":"ListItem","position":1,"name":"Home","item":"https:\/\/berghausseeblick.com\/de\/"},{"@type":"ListItem","position":2,"name":"Anfrage f\u00fcr Buchungen"}]},{"@type":"WebSite","@id":"https:\/\/berghausseeblick.com\/de\/#website","url":"https:\/\/berghausseeblick.com\/de\/","name":"Berghaus Seeblick | Feld am See Apartments","description":"","potentialAction":[{"@type":"SearchAction","target":{"@type":"EntryPoint","urlTemplate":"https:\/\/berghausseeblick.com\/de\/?s={search_term_string}"},"query-input":{"@type":"PropertyValueSpecification","valueRequired":true,"valueName":"search_term_string"}}],"inLanguage":"de"}]}},"_links":{"self":[{"href":"https:\/\/berghausseeblick.com\/de\/wp-json\/wp\/v2\/pages\/3062","targetHints":{"allow":["GET"]}}],"collection":[{"href":"https:\/\/berghausseeblick.com\/de\/wp-json\/wp\/v2\/pages"}],"about":[{"href":"https:\/\/berghausseeblick.com\/de\/wp-json\/wp\/v2\/types\/page"}],"author":[{"embeddable":true,"href":"https:\/\/berghausseeblick.com\/de\/wp-json\/wp\/v2\/users\/1"}],"replies":[{"embeddable":true,"href":"https:\/\/berghausseeblick.com\/de\/wp-json\/wp\/v2\/comments?post=3062"}],"version-history":[{"count":3,"href":"https:\/\/berghausseeblick.com\/de\/wp-json\/wp\/v2\/pages\/3062\/revisions"}],"predecessor-version":[{"id":3663,"href":"https:\/\/berghausseeblick.com\/de\/wp-json\/wp\/v2\/pages\/3062\/revisions\/3663"}],"wp:attachment":[{"href":"https:\/\/berghausseeblick.com\/de\/wp-json\/wp\/v2\/media?parent=3062"}],"curies":[{"name":"wp","href":"https:\/\/api.w.org\/{rel}","templated":true}]}}