{"id":3026,"date":"2023-09-30T10:26:16","date_gmt":"2023-09-30T10:26:16","guid":{"rendered":"https:\/\/berghausseeblick.com\/impressum\/"},"modified":"2026-01-17T16:44:58","modified_gmt":"2026-01-17T16:44:58","slug":"impressum","status":"publish","type":"page","link":"https:\/\/berghausseeblick.com\/de\/impressum\/","title":{"rendered":"Impressum"},"content":{"rendered":"\n<p><strong>Company Name:<\/strong> Berghaus BBAG OG<br\/><strong>Address:<\/strong> Erlachweg 8, 9544 Feld am See, Austria<\/p>\n\n<p><strong>Phone:<\/strong> 00436644268867<br\/><strong>Email:<\/strong> <a href=\"mailto:info@berghausseeblick.com\">info@berghausseeblick.com<\/a><br\/><strong>Website:<\/strong> <a href=\"http:\/\/www.berghausseeblick.com\/\">www.berghausseeblick.com<\/a><\/p>\n\n<p><strong>Company Registration Number:<\/strong> FN 587758a<br\/><strong>Court of Registration:<\/strong> Landesgericht Klagenfurt<br\/><strong>Business Activity:<\/strong> Touristic Rental of Apartments<br\/><strong>VAT Number:<\/strong> ATU79898309<\/p>\n\n<p><strong>Bank Details:<\/strong><br\/><strong>Bank:<\/strong> Raiffeisenbank Drautal<br\/><strong>Account Holder:<\/strong> Berghaus BBAG OG<br\/><strong>IBAN:<\/strong> AT37 3944 2000 0506 8481 <br\/><strong>BIC:<\/strong> RZKTAT2K442<\/p>\n\n<p><strong>Haftungsausschluss f\u00fcr die Nutzung der Website Berghausseeblick.com :<\/strong> <\/p>\n\n<p><strong>1. Einleitung<\/strong><\/p>\n\n<p>Dieser Haftungsausschluss regelt Ihre Nutzung unserer Website; durch die Nutzung unserer Website akzeptieren Sie diesen Haftungsausschluss in vollem Umfang. Wenn Sie mit einem Teil dieses Haftungsausschlusses nicht einverstanden sind, d\u00fcrfen Sie unsere Website nicht nutzen.<\/p>\n\n<p><strong>2. Rechte an geistigem Eigentum<\/strong><\/p>\n\n<p>Soweit nicht anders angegeben, sind wir oder unsere Lizenzgeber Eigent\u00fcmer der geistigen Eigentumsrechte an der Website und dem Material auf der Website. Vorbehaltlich der nachstehenden Lizenz sind alle diese Rechte an geistigem Eigentum vorbehalten.<\/p>\n\n<p><strong>3. Lizenz zur Nutzung der Website<\/strong><\/p>\n\n<p>Sie k\u00f6nnen Seiten oder andere Inhalte der Website f\u00fcr Ihren pers\u00f6nlichen Gebrauch ansehen, herunterladen und ausdrucken, vorbehaltlich der unten und an anderer Stelle in diesem Haftungsausschluss genannten Einschr\u00e4nkungen.<\/p>\n\n<p><strong>4. Beschr\u00e4nkung der Haftung<\/strong><\/p>\n\n<p>Die Informationen auf dieser Website werden kostenlos zur Verf\u00fcgung gestellt, und Sie erkennen an, dass es unangemessen w\u00e4re, uns in Bezug auf diese Website und die Informationen auf dieser Website haftbar zu machen. Wir bem\u00fchen uns um die Richtigkeit der Informationen auf dieser Website, \u00fcbernehmen jedoch keine Gew\u00e4hr f\u00fcr deren Vollst\u00e4ndigkeit oder Richtigkeit und verpflichten uns auch nicht, daf\u00fcr zu sorgen, dass die Website verf\u00fcgbar bleibt oder dass das Material auf der Website auf dem neuesten Stand gehalten wird.<\/p>\n\n<p>Unsere Haftung ist auf das nach geltendem Recht maximal zul\u00e4ssige Ma\u00df beschr\u00e4nkt und ausgeschlossen. Wir haften nicht f\u00fcr direkte, indirekte oder Folgesch\u00e4den, die im Rahmen dieses Haftungsausschlusses oder in Verbindung mit unserer Website entstehen, unabh\u00e4ngig davon, ob diese aus unerlaubter Handlung, Vertrag oder anderweitig entstehen.<\/p>\n\n<p><strong>5. Eingeschr\u00e4nkter Zugang<\/strong><\/p>\n\n<p>Der Zugang zu bestimmten Bereichen unserer Website ist eingeschr\u00e4nkt. Wir behalten uns das Recht vor, den Zugang zu anderen Bereichen unserer Website oder sogar zu unserer gesamten Website nach eigenem Ermessen zu beschr\u00e4nken.<\/p>\n\n<p><strong>6. Buchungsbedingungen und Konditionen<\/strong><\/p>\n\n<p>Alle Buchungen, die \u00fcber unsere Website get\u00e4tigt werden, unterliegen der Annahme und Verf\u00fcgbarkeit. Die Preise und die Verf\u00fcgbarkeit der Wohnungen k\u00f6nnen ohne vorherige Ank\u00fcndigung ge\u00e4ndert werden.<\/p>\n\n<p><strong>7. Externe Links<\/strong><\/p>\n\n<p>Von Zeit zu Zeit kann diese Website auch Links zu anderen Websites enthalten. Diese Links dienen dazu, Ihnen weitere Informationen zur Verf\u00fcgung zu stellen. Sie bedeuten nicht, dass wir die Website(s) guthei\u00dfen. Wir \u00fcbernehmen keine Verantwortung f\u00fcr den Inhalt der verlinkten Website(s).<\/p>\n\n<p><strong>8. Recht und Gerichtsbarkeit<\/strong><\/p>\n\n<p>Diese Mitteilung unterliegt \u00f6sterreichischem Recht und ist nach diesem auszulegen. F\u00fcr alle Streitigkeiten im Zusammenhang mit dieser Mitteilung sind ausschlie\u00dflich die \u00f6sterreichischen Gerichte zust\u00e4ndig.<\/p>\n\n<p><strong>9. \u00c4nderung<\/strong><\/p>\n\n<p>Wir k\u00f6nnen diesen Haftungsausschluss von Zeit zu Zeit \u00fcberarbeiten. Der \u00fcberarbeitete Haftungsausschluss gilt f\u00fcr die Nutzung unserer Website ab dem Datum der Ver\u00f6ffentlichung des \u00fcberarbeiteten Haftungsausschlusses auf unserer Website.<\/p>\n\n<p><strong>Urheberrecht:<\/strong> Die durch die Seitenbetreiber erstellten Inhalte und Werke auf diesen Seiten unterliegen dem \u00f6sterreichischen Urheberrecht. Die Vervielf\u00e4ltigung, Bearbeitung, Verbreitung und jede Art der Verwertung au\u00dferhalb der Grenzen des Urheberrechtes bed\u00fcrfen der schriftlichen Zustimmung des jeweiligen Autors bzw. Erstellers.<\/p>\n\n<p><strong>Allgemeine Gesch\u00e4ftsbedingungen (AGB):<\/strong><a href=\"https:\/\/berghausseeblick.com\/de\/bedingungen-und-konditionen\/\">[Link Allgemeine Gesch\u00e4ftsbedingungen<\/a>]<\/p>\n","protected":false},"excerpt":{"rendered":"<p>Company Name: Berghaus BBAG OGAddress: Erlachweg 8, 9544 Feld am See, Austria Phone: 00436644268867Email: info@berghausseeblick.comWebsite: www.berghausseeblick.com Company Registration Number: FN 587758aCourt of Registration: Landesgericht KlagenfurtBusiness Activity: Touristic Rental of ApartmentsVAT Number: ATU79898309 Bank Details:Bank: Raiffeisenbank DrautalAccount Holder: Berghaus BBAG OGIBAN: [&hellip;]<\/p>\n","protected":false},"author":1,"featured_media":0,"parent":0,"menu_order":0,"comment_status":"closed","ping_status":"closed","template":"","meta":{"footnotes":""},"class_list":["post-3026","page","type-page","status-publish","hentry"],"yoast_head":"<!-- This site is optimized with the Yoast SEO plugin v27.0 - https:\/\/yoast.com\/product\/yoast-seo-wordpress\/ -->\n<title>Impressum - Berghaus Seeblick | Feld am See Apartments<\/title>\n<meta name=\"robots\" content=\"index, follow, max-snippet:-1, max-image-preview:large, max-video-preview:-1\" \/>\n<link rel=\"canonical\" href=\"https:\/\/berghausseeblick.com\/de\/impressum\/\" \/>\n<meta property=\"og:locale\" content=\"de_DE\" \/>\n<meta property=\"og:type\" content=\"article\" \/>\n<meta property=\"og:title\" content=\"Impressum - Berghaus Seeblick | Feld am See Apartments\" \/>\n<meta property=\"og:description\" content=\"Company Name: Berghaus BBAG OGAddress: Erlachweg 8, 9544 Feld am See, Austria Phone: 00436644268867Email: info@berghausseeblick.comWebsite: www.berghausseeblick.com Company Registration Number: FN 587758aCourt of Registration: Landesgericht KlagenfurtBusiness Activity: Touristic Rental of ApartmentsVAT Number: ATU79898309 Bank Details:Bank: Raiffeisenbank DrautalAccount Holder: Berghaus BBAG OGIBAN: [&hellip;]\" \/>\n<meta property=\"og:url\" content=\"https:\/\/berghausseeblick.com\/de\/impressum\/\" \/>\n<meta property=\"og:site_name\" content=\"Berghaus Seeblick | Feld am See Apartments\" \/>\n<meta property=\"article:modified_time\" content=\"2026-01-17T16:44:58+00:00\" \/>\n<meta name=\"twitter:card\" content=\"summary_large_image\" \/>\n<meta name=\"twitter:label1\" content=\"Gesch\u00e4tzte Lesezeit\" \/>\n\t<meta name=\"twitter:data1\" content=\"1\u00a0Minute\" \/>\n<script type=\"application\/ld+json\" class=\"yoast-schema-graph\">{\"@context\":\"https:\/\/schema.org\",\"@graph\":[{\"@type\":\"WebPage\",\"@id\":\"https:\/\/berghausseeblick.com\/de\/impressum\/\",\"url\":\"https:\/\/berghausseeblick.com\/de\/impressum\/\",\"name\":\"Impressum - Berghaus Seeblick | Feld am See Apartments\",\"isPartOf\":{\"@id\":\"https:\/\/berghausseeblick.com\/de\/#website\"},\"datePublished\":\"2023-09-30T10:26:16+00:00\",\"dateModified\":\"2026-01-17T16:44:58+00:00\",\"breadcrumb\":{\"@id\":\"https:\/\/berghausseeblick.com\/de\/impressum\/#breadcrumb\"},\"inLanguage\":\"de\",\"potentialAction\":[{\"@type\":\"ReadAction\",\"target\":[\"https:\/\/berghausseeblick.com\/de\/impressum\/\"]}]},{\"@type\":\"BreadcrumbList\",\"@id\":\"https:\/\/berghausseeblick.com\/de\/impressum\/#breadcrumb\",\"itemListElement\":[{\"@type\":\"ListItem\",\"position\":1,\"name\":\"Home\",\"item\":\"https:\/\/berghausseeblick.com\/de\/\"},{\"@type\":\"ListItem\",\"position\":2,\"name\":\"Impressum\"}]},{\"@type\":\"WebSite\",\"@id\":\"https:\/\/berghausseeblick.com\/de\/#website\",\"url\":\"https:\/\/berghausseeblick.com\/de\/\",\"name\":\"Berghaus Seeblick | Feld am See Apartments\",\"description\":\"\",\"potentialAction\":[{\"@type\":\"SearchAction\",\"target\":{\"@type\":\"EntryPoint\",\"urlTemplate\":\"https:\/\/berghausseeblick.com\/de\/?s={search_term_string}\"},\"query-input\":{\"@type\":\"PropertyValueSpecification\",\"valueRequired\":true,\"valueName\":\"search_term_string\"}}],\"inLanguage\":\"de\"}]}<\/script>\n<!-- \/ Yoast SEO plugin. -->","yoast_head_json":{"title":"Impressum - Berghaus Seeblick | Feld am See Apartments","robots":{"index":"index","follow":"follow","max-snippet":"max-snippet:-1","max-image-preview":"max-image-preview:large","max-video-preview":"max-video-preview:-1"},"canonical":"https:\/\/berghausseeblick.com\/de\/impressum\/","og_locale":"de_DE","og_type":"article","og_title":"Impressum - Berghaus Seeblick | Feld am See Apartments","og_description":"Company Name: Berghaus BBAG OGAddress: Erlachweg 8, 9544 Feld am See, Austria Phone: 00436644268867Email: info@berghausseeblick.comWebsite: www.berghausseeblick.com Company Registration Number: FN 587758aCourt of Registration: Landesgericht KlagenfurtBusiness Activity: Touristic Rental of ApartmentsVAT Number: ATU79898309 Bank Details:Bank: Raiffeisenbank DrautalAccount Holder: Berghaus BBAG OGIBAN: [&hellip;]","og_url":"https:\/\/berghausseeblick.com\/de\/impressum\/","og_site_name":"Berghaus Seeblick | Feld am See Apartments","article_modified_time":"2026-01-17T16:44:58+00:00","twitter_card":"summary_large_image","twitter_misc":{"Gesch\u00e4tzte Lesezeit":"1\u00a0Minute"},"schema":{"@context":"https:\/\/schema.org","@graph":[{"@type":"WebPage","@id":"https:\/\/berghausseeblick.com\/de\/impressum\/","url":"https:\/\/berghausseeblick.com\/de\/impressum\/","name":"Impressum - Berghaus Seeblick | Feld am See Apartments","isPartOf":{"@id":"https:\/\/berghausseeblick.com\/de\/#website"},"datePublished":"2023-09-30T10:26:16+00:00","dateModified":"2026-01-17T16:44:58+00:00","breadcrumb":{"@id":"https:\/\/berghausseeblick.com\/de\/impressum\/#breadcrumb"},"inLanguage":"de","potentialAction":[{"@type":"ReadAction","target":["https:\/\/berghausseeblick.com\/de\/impressum\/"]}]},{"@type":"BreadcrumbList","@id":"https:\/\/berghausseeblick.com\/de\/impressum\/#breadcrumb","itemListElement":[{"@type":"ListItem","position":1,"name":"Home","item":"https:\/\/berghausseeblick.com\/de\/"},{"@type":"ListItem","position":2,"name":"Impressum"}]},{"@type":"WebSite","@id":"https:\/\/berghausseeblick.com\/de\/#website","url":"https:\/\/berghausseeblick.com\/de\/","name":"Berghaus Seeblick | Feld am See Apartments","description":"","potentialAction":[{"@type":"SearchAction","target":{"@type":"EntryPoint","urlTemplate":"https:\/\/berghausseeblick.com\/de\/?s={search_term_string}"},"query-input":{"@type":"PropertyValueSpecification","valueRequired":true,"valueName":"search_term_string"}}],"inLanguage":"de"}]}},"_links":{"self":[{"href":"https:\/\/berghausseeblick.com\/de\/wp-json\/wp\/v2\/pages\/3026","targetHints":{"allow":["GET"]}}],"collection":[{"href":"https:\/\/berghausseeblick.com\/de\/wp-json\/wp\/v2\/pages"}],"about":[{"href":"https:\/\/berghausseeblick.com\/de\/wp-json\/wp\/v2\/types\/page"}],"author":[{"embeddable":true,"href":"https:\/\/berghausseeblick.com\/de\/wp-json\/wp\/v2\/users\/1"}],"replies":[{"embeddable":true,"href":"https:\/\/berghausseeblick.com\/de\/wp-json\/wp\/v2\/comments?post=3026"}],"version-history":[{"count":9,"href":"https:\/\/berghausseeblick.com\/de\/wp-json\/wp\/v2\/pages\/3026\/revisions"}],"predecessor-version":[{"id":3827,"href":"https:\/\/berghausseeblick.com\/de\/wp-json\/wp\/v2\/pages\/3026\/revisions\/3827"}],"wp:attachment":[{"href":"https:\/\/berghausseeblick.com\/de\/wp-json\/wp\/v2\/media?parent=3026"}],"curies":[{"name":"wp","href":"https:\/\/api.w.org\/{rel}","templated":true}]}}